{"id":18,"date":"2016-06-15T20:00:15","date_gmt":"2016-06-15T20:00:15","guid":{"rendered":"http:\/\/snackbarsanthorst.nl\/?page_id=18"},"modified":"2017-05-22T10:20:41","modified_gmt":"2017-05-22T10:20:41","slug":"menu","status":"publish","type":"page","link":"https:\/\/snackbarsanthorst.nl\/?page_id=18","title":{"rendered":"Menu"},"content":{"rendered":"<p>Hier ziet u een aantal producten uit onze assortiment :<\/p>\n<table>\n<tbody>\n<tr>\n<td width=\"256\">Patat of RAS<\/td>\n<td width=\"256\">Viandel<\/td>\n<td width=\"256\">Kipnuggets ( 6 stuks )<\/td>\n<\/tr>\n<tr>\n<td width=\"256\">Patat met diverse sausen<\/td>\n<td width=\"256\">Kaassouffl\u00e9<\/td>\n<td width=\"256\">Vlammetjes ( 6 stuks )<\/td>\n<\/tr>\n<tr>\n<td width=\"256\">Patat kipsat\u00e9<\/td>\n<td width=\"256\">Ham-kaas souffl\u00e9<\/td>\n<td width=\"256\">Bitterballen ( 6 stuks )<\/td>\n<\/tr>\n<tr>\n<td width=\"256\">Patat haassat\u00e9<\/td>\n<td width=\"256\">Berenhap met saus<\/td>\n<td width=\"256\">Kipfingers ( 6 stuks )<\/td>\n<\/tr>\n<tr>\n<td width=\"256\">Patat hete kip<\/td>\n<td width=\"256\">Bamihap<\/td>\n<td width=\"256\">Mini loempia\u2019s ( 6 stuks )<\/td>\n<\/tr>\n<tr>\n<td width=\"256\">Patat kapsalon<\/td>\n<td width=\"256\">Nasihap<\/td>\n<td width=\"256\">Mini kaassouffl\u00e9 ( 4 stuks )<\/td>\n<\/tr>\n<tr>\n<td width=\"256\">Patat shoarma<\/td>\n<td width=\"256\">Loempia \/ speciaal<\/td>\n<td width=\"256\">Mini bami hapje ( 4 stuks )<\/td>\n<\/tr>\n<tr>\n<td width=\"256\">Patat stoofvlees<\/td>\n<td width=\"256\">Sitostick<\/td>\n<td width=\"256\">Mini nasi hapje ( 4 stuks )<\/td>\n<\/tr>\n<tr>\n<td width=\"256\">Frikandel<\/td>\n<td width=\"256\">Kipcorn<\/td>\n<td width=\"256\">Chicken wings ( 6 stuks )<\/td>\n<\/tr>\n<tr>\n<td width=\"256\">XXL Frikandel<\/td>\n<td width=\"256\">Saterol<\/td>\n<td width=\"256\">Bittergarnituur ( 6 stuks )<\/td>\n<\/tr>\n<tr>\n<td width=\"256\">Grove frikandel<\/td>\n<td width=\"256\">Smulrol<\/td>\n<td width=\"256\"><\/td>\n<\/tr>\n<tr>\n<td width=\"256\">Rundvlees kroket<\/td>\n<td width=\"256\">Shoarmarol<\/td>\n<td width=\"256\">Snacks ook met een broodje<\/td>\n<\/tr>\n<tr>\n<td width=\"256\">Kwekkeboom kroket<\/td>\n<td width=\"256\">Shaslik<\/td>\n<td width=\"256\"><\/td>\n<\/tr>\n<tr>\n<td width=\"256\">Kalfskroket<\/td>\n<td width=\"256\">Braadworst<\/td>\n<td width=\"256\">Diverse frisdranken<\/td>\n<\/tr>\n<tr>\n<td width=\"256\">Sat\u00e9 kroket<\/td>\n<td width=\"256\">Halve kip<\/td>\n<td width=\"256\">Red Bull<\/td>\n<\/tr>\n<tr>\n<td width=\"256\">Goulashkroket<\/td>\n<td width=\"256\">Kipsat\u00e9 ( uit eigen keuken)<\/td>\n<td width=\"256\">Bier per blik ( 18 jaar )<\/td>\n<\/tr>\n<tr>\n<td width=\"256\">Groentekroket<\/td>\n<td width=\"256\">Haassat\u00e9 ( uit eigen keuken)<\/td>\n<td width=\"256\">Chocomelk, fristi, jus d\u2019orange<\/td>\n<\/tr>\n<tr>\n<td width=\"256\">Mexicano<\/td>\n<td width=\"256\">Bal gehakt<\/td>\n<td width=\"256\">Milkshakes met diverse smaken<\/td>\n<\/tr>\n<tr>\n<td width=\"256\">Pikanto<\/td>\n<td width=\"256\">Stoofvlees ( uit eigen keuken )<\/td>\n<td width=\"256\">Soft en Ola ijs<\/td>\n<\/tr>\n<tr>\n<td width=\"256\">Patat of RAS<\/td>\n<td width=\"256\">Viandel<\/td>\n<td width=\"256\">Kipnuggets ( 6 stuks )<\/td>\n<\/tr>\n<\/tbody>\n<\/table>\n<p><img loading=\"lazy\" decoding=\"async\" class=\"alignnone wp-image-45\" src=\"http:\/\/snackbarsanthorst.nl\/wp-content\/uploads\/2016\/06\/DSC_4320-300x199.jpg\" alt=\"DSC_4320\" width=\"217\" height=\"144\" srcset=\"https:\/\/snackbarsanthorst.nl\/wp-content\/uploads\/2016\/06\/DSC_4320-300x199.jpg 300w, https:\/\/snackbarsanthorst.nl\/wp-content\/uploads\/2016\/06\/DSC_4320-768x509.jpg 768w, https:\/\/snackbarsanthorst.nl\/wp-content\/uploads\/2016\/06\/DSC_4320-1024x678.jpg 1024w, https:\/\/snackbarsanthorst.nl\/wp-content\/uploads\/2016\/06\/DSC_4320-676x448.jpg 676w\" sizes=\"auto, (max-width: 217px) 100vw, 217px\" \/>\u00a0\u00a0 <img loading=\"lazy\" decoding=\"async\" class=\"alignnone wp-image-44\" src=\"http:\/\/snackbarsanthorst.nl\/wp-content\/uploads\/2016\/06\/DSC_4284-300x199.jpg\" alt=\"DSC_4284\" width=\"216\" height=\"143\" srcset=\"https:\/\/snackbarsanthorst.nl\/wp-content\/uploads\/2016\/06\/DSC_4284-300x199.jpg 300w, https:\/\/snackbarsanthorst.nl\/wp-content\/uploads\/2016\/06\/DSC_4284-768x509.jpg 768w, https:\/\/snackbarsanthorst.nl\/wp-content\/uploads\/2016\/06\/DSC_4284-1024x678.jpg 1024w, https:\/\/snackbarsanthorst.nl\/wp-content\/uploads\/2016\/06\/DSC_4284-676x448.jpg 676w\" sizes=\"auto, (max-width: 216px) 100vw, 216px\" \/> <img loading=\"lazy\" decoding=\"async\" class=\"alignnone  wp-image-76\" src=\"http:\/\/snackbarsanthorst.nl\/wp-content\/uploads\/2016\/06\/image3-225x300.jpg\" alt=\"\" width=\"107\" height=\"143\" srcset=\"https:\/\/snackbarsanthorst.nl\/wp-content\/uploads\/2016\/06\/image3-225x300.jpg 225w, https:\/\/snackbarsanthorst.nl\/wp-content\/uploads\/2016\/06\/image3-768x1024.jpg 768w, https:\/\/snackbarsanthorst.nl\/wp-content\/uploads\/2016\/06\/image3-676x901.jpg 676w, https:\/\/snackbarsanthorst.nl\/wp-content\/uploads\/2016\/06\/image3.jpg 960w\" sizes=\"auto, (max-width: 107px) 100vw, 107px\" \/><img loading=\"lazy\" decoding=\"async\" class=\"alignnone  wp-image-74\" src=\"http:\/\/snackbarsanthorst.nl\/wp-content\/uploads\/2016\/06\/image1-225x300.jpg\" alt=\"\" width=\"107\" height=\"143\" srcset=\"https:\/\/snackbarsanthorst.nl\/wp-content\/uploads\/2016\/06\/image1-225x300.jpg 225w, https:\/\/snackbarsanthorst.nl\/wp-content\/uploads\/2016\/06\/image1-768x1024.jpg 768w, https:\/\/snackbarsanthorst.nl\/wp-content\/uploads\/2016\/06\/image1-676x901.jpg 676w, https:\/\/snackbarsanthorst.nl\/wp-content\/uploads\/2016\/06\/image1.jpg 960w\" sizes=\"auto, (max-width: 107px) 100vw, 107px\" \/><\/p>\n","protected":false},"excerpt":{"rendered":"<p>Hier ziet u een aantal producten uit onze assortiment : Patat of RAS Viandel Kipnuggets ( 6 stuks ) Patat met diverse sausen Kaassouffl\u00e9 Vlammetjes ( 6 stuks ) Patat kipsat\u00e9 Ham-kaas souffl\u00e9 Bitterballen ( 6 stuks ) Patat haassat\u00e9 Berenhap met saus Kipfingers ( 6 stuks ) Patat hete kip Bamihap Mini loempia\u2019s ( [&hellip;]<\/p>\n","protected":false},"author":1,"featured_media":0,"parent":0,"menu_order":0,"comment_status":"closed","ping_status":"closed","template":"","meta":{"footnotes":""},"class_list":["post-18","page","type-page","status-publish","hentry","post-preview"],"_links":{"self":[{"href":"https:\/\/snackbarsanthorst.nl\/index.php?rest_route=\/wp\/v2\/pages\/18","targetHints":{"allow":["GET"]}}],"collection":[{"href":"https:\/\/snackbarsanthorst.nl\/index.php?rest_route=\/wp\/v2\/pages"}],"about":[{"href":"https:\/\/snackbarsanthorst.nl\/index.php?rest_route=\/wp\/v2\/types\/page"}],"author":[{"embeddable":true,"href":"https:\/\/snackbarsanthorst.nl\/index.php?rest_route=\/wp\/v2\/users\/1"}],"replies":[{"embeddable":true,"href":"https:\/\/snackbarsanthorst.nl\/index.php?rest_route=%2Fwp%2Fv2%2Fcomments&post=18"}],"version-history":[{"count":11,"href":"https:\/\/snackbarsanthorst.nl\/index.php?rest_route=\/wp\/v2\/pages\/18\/revisions"}],"predecessor-version":[{"id":282,"href":"https:\/\/snackbarsanthorst.nl\/index.php?rest_route=\/wp\/v2\/pages\/18\/revisions\/282"}],"wp:attachment":[{"href":"https:\/\/snackbarsanthorst.nl\/index.php?rest_route=%2Fwp%2Fv2%2Fmedia&parent=18"}],"curies":[{"name":"wp","href":"https:\/\/api.w.org\/{rel}","templated":true}]}}